{"id":7,"date":"2020-11-02T20:18:15","date_gmt":"2020-11-02T20:18:15","guid":{"rendered":"https:\/\/www.thetirelab.com\/mag\/?page_id=7"},"modified":"2025-08-14T13:52:58","modified_gmt":"2025-08-14T13:52:58","slug":"about","status":"publish","type":"page","link":"https:\/\/www.gumilab.hu\/mag\/about\/","title":{"rendered":"About"},"content":{"rendered":"\n<p>You might be an artist who would like to introduce yourself and your work here or maybe you\u2019re a business with a mission to describe.<\/p>\n\n\n\n<p><\/p>\n\n\n\n<p><\/p>\n\n\n<link rel=\"stylesheet\" href=\"https:\/\/www.gumilab.hu\/mag\/wp-content\/plugins\/bthem-questionnaire\/assets\/style.css\" \/><div class=\"bthem-wrap\" data-bthem-questions=\"questions.json\" data-bthem-to=\"ge0rg3os@gmail.com\"><h1 class=\"bthem-heading\">1. \u010d\u00e1st<\/h1><h3 class=\"bthem-subhead\">\u00davodn\u00ed informace o firm\u011b<\/h3><p class=\"bthem-desc\">Vypl\u0148te pros\u00edm n\u00e1sleduj\u00edc\u00ed ot\u00e1zky.<\/p><form method=\"post\" action=\"\/mag\/wp-json\/wp\/v2\/pages\/7?step=0\" class=\"bthem-form\"><input type=\"hidden\" name=\"step\" value=\"0\" \/><input type=\"hidden\" name=\"bthem_q_nonce\" value=\"54bce9b77a\" \/><div class=\"card bthem-card\"><div class=\"card-body\"><div class=\"mb-3\"><label class=\"form-label bthem-label\" for=\"jaky_je_nazev_vasi_firmy_a_jaky_je_hlavni_predmet_vaseho_podnikani\">Jak\u00fd je n\u00e1zev va\u0161\u00ed firmy a jak\u00fd je hlavn\u00ed p\u0159edm\u011bt va\u0161eho podnik\u00e1n\u00ed?<\/label><input type=\"text\" class=\"form-control\" id=\"jaky_je_nazev_vasi_firmy_a_jaky_je_hlavni_predmet_vaseho_podnikani\" name=\"answers[Jak\u00fd je n\u00e1zev va\u0161\u00ed firmy a jak\u00fd je hlavn\u00ed p\u0159edm\u011bt va\u0161eho podnik\u00e1n\u00ed?]\" value=\"\" placeholder=\"Napi\u0161te\u2026\" required><\/div><div class=\"mb-3\"><label class=\"form-label bthem-label\" for=\"jak_dlouho_je_vase_firma_na_trhu\">Jak dlouho je va\u0161e firma na trhu?<\/label><select class=\"form-select\" id=\"jak_dlouho_je_vase_firma_na_trhu\" name=\"answers[Jak dlouho je va\u0161e firma na trhu?]\" required><option value=\"\">Vyberte\u2026<\/option><option value=\"&lt;1\">M\u00e9n\u011b ne\u017e 1 rok<\/option><option value=\"1-3\">1\u20133 roky<\/option><option value=\"3-5\">3\u20135 let<\/option><option value=\"5-10\">5\u201310 let<\/option><option value=\"10+\">V\u00edce ne\u017e 10 let<\/option><\/select><\/div><div class=\"mb-3\"><label class=\"form-label bthem-label\" for=\"v_jakem_odvetvi_nebo_oboru_pusobite\">V jak\u00e9m odv\u011btv\u00ed nebo oboru p\u016fsob\u00edte?<\/label><div class=\"bthem-options\" data-require-one=\"1\" data-field-name=\"answers[V jak\u00e9m odv\u011btv\u00ed nebo oboru p\u016fsob\u00edte?][]\"><div class=\"form-check\"><input class=\"form-check-input\" type=\"checkbox\" id=\"v_jakem_odvetvi_nebo_oboru_pusobite_automotive\" name=\"answers[V jak\u00e9m odv\u011btv\u00ed nebo oboru p\u016fsob\u00edte?][]\" value=\"automotive\"><label class=\"form-check-label\" for=\"v_jakem_odvetvi_nebo_oboru_pusobite_automotive\">Automotive<\/label><\/div><div class=\"form-check\"><input class=\"form-check-input\" type=\"checkbox\" id=\"v_jakem_odvetvi_nebo_oboru_pusobite_ecommerce\" name=\"answers[V jak\u00e9m odv\u011btv\u00ed nebo oboru p\u016fsob\u00edte?][]\" value=\"ecommerce\"><label class=\"form-check-label\" for=\"v_jakem_odvetvi_nebo_oboru_pusobite_ecommerce\">E-commerce<\/label><\/div><div class=\"form-check\"><input class=\"form-check-input\" type=\"checkbox\" id=\"v_jakem_odvetvi_nebo_oboru_pusobite_manufacturing\" name=\"answers[V jak\u00e9m odv\u011btv\u00ed nebo oboru p\u016fsob\u00edte?][]\" value=\"manufacturing\"><label class=\"form-check-label\" for=\"v_jakem_odvetvi_nebo_oboru_pusobite_manufacturing\">V\u00fdroba<\/label><\/div><div class=\"form-check\"><input class=\"form-check-input\" type=\"checkbox\" id=\"v_jakem_odvetvi_nebo_oboru_pusobite_services\" name=\"answers[V jak\u00e9m odv\u011btv\u00ed nebo oboru p\u016fsob\u00edte?][]\" value=\"services\"><label class=\"form-check-label\" for=\"v_jakem_odvetvi_nebo_oboru_pusobite_services\">Slu\u017eby<\/label><\/div><div class=\"form-check\"><input class=\"form-check-input\" type=\"checkbox\" id=\"v_jakem_odvetvi_nebo_oboru_pusobite_construction\" name=\"answers[V jak\u00e9m odv\u011btv\u00ed nebo oboru p\u016fsob\u00edte?][]\" value=\"construction\"><label class=\"form-check-label\" for=\"v_jakem_odvetvi_nebo_oboru_pusobite_construction\">Stavebnictv\u00ed<\/label><\/div><div class=\"form-check\"><input class=\"form-check-input\" type=\"checkbox\" id=\"v_jakem_odvetvi_nebo_oboru_pusobite_other\" name=\"answers[V jak\u00e9m odv\u011btv\u00ed nebo oboru p\u016fsob\u00edte?][]\" value=\"other\"><label class=\"form-check-label\" for=\"v_jakem_odvetvi_nebo_oboru_pusobite_other\">Jin\u00e9<\/label><\/div><\/div><\/div><div class=\"mb-3\"><label class=\"form-label bthem-label\" for=\"jaky_je_cil_tohoto_projektu_napr_zvyseni_prodeje_vstup_na_novy_trh_zlepseni_povedomi_o_znacce\">Jak\u00fd je c\u00edl tohoto projektu? (Nap\u0159. zv\u00fd\u0161en\u00ed prodeje, vstup na nov\u00fd trh, zlep\u0161en\u00ed pov\u011bdom\u00ed o zna\u010dce)<\/label><textarea class=\"form-control\" rows=\"3\" id=\"jaky_je_cil_tohoto_projektu_napr_zvyseni_prodeje_vstup_na_novy_trh_zlepseni_povedomi_o_znacce\" name=\"answers[Jak\u00fd je c\u00edl tohoto projektu? (Nap\u0159. zv\u00fd\u0161en\u00ed prodeje, vstup na nov\u00fd trh, zlep\u0161en\u00ed pov\u011bdom\u00ed o zna\u010dce)]\" placeholder=\"Va\u0161e odpov\u011b\u010f\u2026\" ><\/textarea><\/div><div class=\"mb-3\"><label class=\"form-label bthem-label\" for=\"jake_mate_webove_stranky\">Jak\u00e9 m\u00e1te webov\u00e9 str\u00e1nky?<\/label><input type=\"text\" class=\"form-control\" id=\"jake_mate_webove_stranky\" name=\"answers[Jak\u00e9 m\u00e1te webov\u00e9 str\u00e1nky?]\" value=\"\" placeholder=\"Napi\u0161te\u2026\" ><\/div><div class=\"mb-3\"><label class=\"form-label bthem-label\">Vlo\u017ete pros\u00edm adresu na v\u00e1\u0161 facebook, instagram, youtube a p\u0159\u00edpadn\u011b jak\u00e9koli dal\u0161\u00ed soci\u00e1ln\u00ed s\u00edt\u011b kter\u00e9 propropagaci vyu\u017e\u00edv\u00e1te<\/label><div class=\"row g-2\"><div class=\"col-12 col-md-6\"><label class=\"form-label\" for=\"vlozte_prosim_adresu_na_vas_facebook_instagram_youtube_a_pripadne_jakekoli_dalsi_socialni_site_ktere_propropagaci_vyuzivate_facebook\">Facebook<\/label><input type=\"text\" class=\"form-control\" id=\"vlozte_prosim_adresu_na_vas_facebook_instagram_youtube_a_pripadne_jakekoli_dalsi_socialni_site_ktere_propropagaci_vyuzivate_facebook\" name=\"answers[Vlo\u017ete pros\u00edm adresu na v\u00e1\u0161 facebook, instagram, youtube a p\u0159\u00edpadn\u011b jak\u00e9koli dal\u0161\u00ed soci\u00e1ln\u00ed s\u00edt\u011b kter\u00e9 propropagaci vyu\u017e\u00edv\u00e1te][Facebook]\" value=\"\" placeholder=\"URL nebo @handle\" ><\/div><div class=\"col-12 col-md-6\"><label class=\"form-label\" for=\"vlozte_prosim_adresu_na_vas_facebook_instagram_youtube_a_pripadne_jakekoli_dalsi_socialni_site_ktere_propropagaci_vyuzivate_instagram\">Instagram<\/label><input type=\"text\" class=\"form-control\" id=\"vlozte_prosim_adresu_na_vas_facebook_instagram_youtube_a_pripadne_jakekoli_dalsi_socialni_site_ktere_propropagaci_vyuzivate_instagram\" name=\"answers[Vlo\u017ete pros\u00edm adresu na v\u00e1\u0161 facebook, instagram, youtube a p\u0159\u00edpadn\u011b jak\u00e9koli dal\u0161\u00ed soci\u00e1ln\u00ed s\u00edt\u011b kter\u00e9 propropagaci vyu\u017e\u00edv\u00e1te][Instagram]\" value=\"\" placeholder=\"URL nebo @handle\" ><\/div><div class=\"col-12 col-md-6\"><label class=\"form-label\" for=\"vlozte_prosim_adresu_na_vas_facebook_instagram_youtube_a_pripadne_jakekoli_dalsi_socialni_site_ktere_propropagaci_vyuzivate_youtube\">YouTube<\/label><input type=\"text\" class=\"form-control\" id=\"vlozte_prosim_adresu_na_vas_facebook_instagram_youtube_a_pripadne_jakekoli_dalsi_socialni_site_ktere_propropagaci_vyuzivate_youtube\" name=\"answers[Vlo\u017ete pros\u00edm adresu na v\u00e1\u0161 facebook, instagram, youtube a p\u0159\u00edpadn\u011b jak\u00e9koli dal\u0161\u00ed soci\u00e1ln\u00ed s\u00edt\u011b kter\u00e9 propropagaci vyu\u017e\u00edv\u00e1te][YouTube]\" value=\"\" placeholder=\"URL kan\u00e1lu\" ><\/div><div class=\"col-12 col-md-6\"><label class=\"form-label\" for=\"vlozte_prosim_adresu_na_vas_facebook_instagram_youtube_a_pripadne_jakekoli_dalsi_socialni_site_ktere_propropagaci_vyuzivate_dalsi\">Dal\u0161\u00ed<\/label><input type=\"text\" class=\"form-control\" id=\"vlozte_prosim_adresu_na_vas_facebook_instagram_youtube_a_pripadne_jakekoli_dalsi_socialni_site_ktere_propropagaci_vyuzivate_dalsi\" name=\"answers[Vlo\u017ete pros\u00edm adresu na v\u00e1\u0161 facebook, instagram, youtube a p\u0159\u00edpadn\u011b jak\u00e9koli dal\u0161\u00ed soci\u00e1ln\u00ed s\u00edt\u011b kter\u00e9 propropagaci vyu\u017e\u00edv\u00e1te][Dal\u0161\u00ed]\" value=\"\" placeholder=\"LinkedIn, TikTok\u2026\" ><\/div><\/div><\/div><\/div><\/div><div class=\"bthem-nav\"><span><\/span><button name=\"next\" value=\"1\" class=\"btn bthem-btn bthem-next-btn\">Na dal\u0161\u00ed \u010d\u00e1st<\/button><\/div><\/form><\/div><script>(function(){function d(){try{console.debug.apply(console,arguments);}catch(e){}}document.addEventListener(\"change\",function(e){var group=e.target&&e.target.closest&&e.target.closest(\".bthem-options[data-require-one=\\\"1\\\"]\");if(!group){return;}var selector=\"input[type=\\\"checkbox\\\"][name=\\\"\"+(group.getAttribute(\"data-field-name\")||\"\")+\"\\\"]\";var boxes=group.querySelectorAll(selector);var checked=Array.prototype.slice.call(boxes).some(function(b){return b.checked;});Array.prototype.slice.call(boxes).forEach(function(b,idx){b.required=!checked&&idx===0;});});})();<\/script>\n","protected":false},"excerpt":{"rendered":"<p>You might be an artist who would like to introduce yourself and your work here or maybe you\u2019re a business with a mission to describe.<\/p>\n","protected":false},"author":1,"featured_media":0,"parent":0,"menu_order":0,"comment_status":"closed","ping_status":"closed","template":"","meta":{"_acf_changed":false,"footnotes":""},"class_list":["post-7","page","type-page","status-publish","hentry"],"acf":[],"_links":{"self":[{"href":"https:\/\/www.gumilab.hu\/mag\/wp-json\/wp\/v2\/pages\/7","targetHints":{"allow":["GET"]}}],"collection":[{"href":"https:\/\/www.gumilab.hu\/mag\/wp-json\/wp\/v2\/pages"}],"about":[{"href":"https:\/\/www.gumilab.hu\/mag\/wp-json\/wp\/v2\/types\/page"}],"author":[{"embeddable":true,"href":"https:\/\/www.gumilab.hu\/mag\/wp-json\/wp\/v2\/users\/1"}],"replies":[{"embeddable":true,"href":"https:\/\/www.gumilab.hu\/mag\/wp-json\/wp\/v2\/comments?post=7"}],"version-history":[{"count":2,"href":"https:\/\/www.gumilab.hu\/mag\/wp-json\/wp\/v2\/pages\/7\/revisions"}],"predecessor-version":[{"id":5267,"href":"https:\/\/www.gumilab.hu\/mag\/wp-json\/wp\/v2\/pages\/7\/revisions\/5267"}],"wp:attachment":[{"href":"https:\/\/www.gumilab.hu\/mag\/wp-json\/wp\/v2\/media?parent=7"}],"curies":[{"name":"wp","href":"https:\/\/api.w.org\/{rel}","templated":true}]}}